{"id":38,"date":"2022-12-17T14:26:49","date_gmt":"2022-12-17T17:26:49","guid":{"rendered":"http:\/\/localhost:8088\/?page_id=38"},"modified":"2024-04-17T16:40:21","modified_gmt":"2024-04-17T19:40:21","slug":"home","status":"publish","type":"page","link":"https:\/\/rcppapeis.com.br\/","title":{"rendered":"Embalagens Chapas e Bobinas de Papel\u00e3o"},"content":{"rendered":"","protected":false},"excerpt":{"rendered":"","protected":false},"author":4,"featured_media":593,"parent":0,"menu_order":0,"comment_status":"closed","ping_status":"closed","template":"template-page\/page-index.php","meta":{"_acf_changed":false,"footnotes":""},"class_list":["post-38","page","type-page","status-publish","has-post-thumbnail","hentry"],"acf":[],"yoast_head":"<!-- This site is optimized with the Yoast SEO plugin v27.6 - https:\/\/yoast.com\/product\/yoast-seo-wordpress\/ -->\n<title>Embalagens Chapas e Bobinas de Papel\u00e3o | RCP Pap\u00e9is<\/title>\n<meta name=\"description\" content=\"RCP Pap\u00e9is h\u00e1 +40 anos produzindo e comercializando embalagens chapas e bobinas de papel\u00e3o. Solicite seu or\u00e7amento!\" \/>\n<meta name=\"robots\" content=\"index, follow, max-snippet:-1, max-image-preview:large, max-video-preview:-1\" \/>\n<link rel=\"canonical\" href=\"https:\/\/rcppapeis.com.br\/\" \/>\n<meta property=\"og:locale\" content=\"pt_BR\" \/>\n<meta property=\"og:type\" content=\"article\" \/>\n<meta property=\"og:title\" content=\"RCP Pap\u00e9is\" \/>\n<meta property=\"og:description\" content=\"RCP Pap\u00e9is \u00e0 + 40 anos produzindo e comercializando embalagens chapas e bobinas de papel\u00e3o. Solicite seu or\u00e7amento!\" \/>\n<meta property=\"og:url\" content=\"https:\/\/rcppapeis.com.br\/\" \/>\n<meta property=\"og:site_name\" content=\"RCP Pap\u00e9is\" \/>\n<meta property=\"article:publisher\" content=\"https:\/\/www.facebook.com\/rcppapeisembalagens\" \/>\n<meta property=\"article:modified_time\" content=\"2024-04-17T19:40:21+00:00\" \/>\n<meta property=\"og:image\" content=\"https:\/\/rcppapeis.com.br\/wp-content\/uploads\/2023\/10\/Banners-Blog-17.png\" \/>\n\t<meta property=\"og:image:width\" content=\"1140\" \/>\n\t<meta property=\"og:image:height\" content=\"560\" \/>\n\t<meta property=\"og:image:type\" content=\"image\/png\" \/>\n<meta name=\"twitter:card\" content=\"summary_large_image\" \/>\n<meta name=\"twitter:title\" content=\"RCP Pap\u00e9is\" \/>\n<meta name=\"twitter:description\" content=\"RCP Pap\u00e9is \u00e0 + 40 anos produzindo e comercializando embalagens chapas e bobinas de papel\u00e3o. Solicite seu or\u00e7amento!\" \/>\n<meta name=\"twitter:image\" content=\"https:\/\/rcppapeis.com.br\/wp-content\/uploads\/2023\/10\/Banners-Blog-17.png\" \/>\n<meta name=\"twitter:label1\" content=\"Est. tempo de leitura\" \/>\n\t<meta name=\"twitter:data1\" content=\"5 minutos\" \/>\n<script type=\"application\/ld+json\" class=\"yoast-schema-graph\">{\"@context\":\"https:\\\/\\\/schema.org\",\"@graph\":[{\"@type\":\"WebPage\",\"@id\":\"https:\\\/\\\/rcppapeis.com.br\\\/\",\"url\":\"https:\\\/\\\/rcppapeis.com.br\\\/\",\"name\":\"Embalagens Chapas e Bobinas de Papel\u00e3o | RCP Pap\u00e9is\",\"isPartOf\":{\"@id\":\"https:\\\/\\\/rcppapeis.com.br\\\/#website\"},\"primaryImageOfPage\":{\"@id\":\"https:\\\/\\\/rcppapeis.com.br\\\/#primaryimage\"},\"image\":{\"@id\":\"https:\\\/\\\/rcppapeis.com.br\\\/#primaryimage\"},\"thumbnailUrl\":\"https:\\\/\\\/rcppapeis.com.br\\\/wp-content\\\/uploads\\\/2023\\\/10\\\/Banners-Blog-17.png\",\"datePublished\":\"2022-12-17T17:26:49+00:00\",\"dateModified\":\"2024-04-17T19:40:21+00:00\",\"description\":\"RCP Pap\u00e9is h\u00e1 +40 anos produzindo e comercializando embalagens chapas e bobinas de papel\u00e3o. Solicite seu or\u00e7amento!\",\"breadcrumb\":{\"@id\":\"https:\\\/\\\/rcppapeis.com.br\\\/#breadcrumb\"},\"inLanguage\":\"pt-BR\",\"potentialAction\":[{\"@type\":\"ReadAction\",\"target\":[\"https:\\\/\\\/rcppapeis.com.br\\\/\"]}]},{\"@type\":\"ImageObject\",\"inLanguage\":\"pt-BR\",\"@id\":\"https:\\\/\\\/rcppapeis.com.br\\\/#primaryimage\",\"url\":\"https:\\\/\\\/rcppapeis.com.br\\\/wp-content\\\/uploads\\\/2023\\\/10\\\/Banners-Blog-17.png\",\"contentUrl\":\"https:\\\/\\\/rcppapeis.com.br\\\/wp-content\\\/uploads\\\/2023\\\/10\\\/Banners-Blog-17.png\",\"width\":1140,\"height\":560,\"caption\":\"Descubra Onde Comprar Caixas De Papel\u00e3o Para O Seu Neg\u00f3cio!\"},{\"@type\":\"BreadcrumbList\",\"@id\":\"https:\\\/\\\/rcppapeis.com.br\\\/#breadcrumb\",\"itemListElement\":[{\"@type\":\"ListItem\",\"position\":1,\"name\":\"In\u00edcio\",\"item\":\"https:\\\/\\\/rcppapeis.com.br\\\/\"},{\"@type\":\"ListItem\",\"position\":2,\"name\":\"Embalagens Chapas e Bobinas de Papel\u00e3o\"}]},{\"@type\":\"WebSite\",\"@id\":\"https:\\\/\\\/rcppapeis.com.br\\\/#website\",\"url\":\"https:\\\/\\\/rcppapeis.com.br\\\/\",\"name\":\"RCP Pap\u00e9is\",\"description\":\"\",\"publisher\":{\"@id\":\"https:\\\/\\\/rcppapeis.com.br\\\/#organization\"},\"potentialAction\":[{\"@type\":\"SearchAction\",\"target\":{\"@type\":\"EntryPoint\",\"urlTemplate\":\"https:\\\/\\\/rcppapeis.com.br\\\/?s={search_term_string}\"},\"query-input\":{\"@type\":\"PropertyValueSpecification\",\"valueRequired\":true,\"valueName\":\"search_term_string\"}}],\"inLanguage\":\"pt-BR\"},{\"@type\":\"Organization\",\"@id\":\"https:\\\/\\\/rcppapeis.com.br\\\/#organization\",\"name\":\"RCP Pap\u00e9is\",\"url\":\"https:\\\/\\\/rcppapeis.com.br\\\/\",\"logo\":{\"@type\":\"ImageObject\",\"inLanguage\":\"pt-BR\",\"@id\":\"https:\\\/\\\/rcppapeis.com.br\\\/#\\\/schema\\\/logo\\\/image\\\/\",\"url\":\"http:\\\/\\\/rcppapeis.com.br\\\/wp-content\\\/uploads\\\/2022\\\/12\\\/Logo-Colorido.png\",\"contentUrl\":\"http:\\\/\\\/rcppapeis.com.br\\\/wp-content\\\/uploads\\\/2022\\\/12\\\/Logo-Colorido.png\",\"width\":152,\"height\":114,\"caption\":\"RCP Pap\u00e9is\"},\"image\":{\"@id\":\"https:\\\/\\\/rcppapeis.com.br\\\/#\\\/schema\\\/logo\\\/image\\\/\"},\"sameAs\":[\"https:\\\/\\\/www.facebook.com\\\/rcppapeisembalagens\",\"https:\\\/\\\/www.instagram.com\\\/rcp.papeis\\\/\",\"https:\\\/\\\/www.linkedin.com\\\/company\\\/rcp-papeis\\\/\"]}]}<\/script>\n<!-- \/ Yoast SEO plugin. -->","yoast_head_json":{"title":"Embalagens Chapas e Bobinas de Papel\u00e3o | RCP Pap\u00e9is","description":"RCP Pap\u00e9is h\u00e1 +40 anos produzindo e comercializando embalagens chapas e bobinas de papel\u00e3o. Solicite seu or\u00e7amento!","robots":{"index":"index","follow":"follow","max-snippet":"max-snippet:-1","max-image-preview":"max-image-preview:large","max-video-preview":"max-video-preview:-1"},"canonical":"https:\/\/rcppapeis.com.br\/","og_locale":"pt_BR","og_type":"article","og_title":"RCP Pap\u00e9is","og_description":"RCP Pap\u00e9is \u00e0 + 40 anos produzindo e comercializando embalagens chapas e bobinas de papel\u00e3o. Solicite seu or\u00e7amento!","og_url":"https:\/\/rcppapeis.com.br\/","og_site_name":"RCP Pap\u00e9is","article_publisher":"https:\/\/www.facebook.com\/rcppapeisembalagens","article_modified_time":"2024-04-17T19:40:21+00:00","og_image":[{"width":1140,"height":560,"url":"https:\/\/rcppapeis.com.br\/wp-content\/uploads\/2023\/10\/Banners-Blog-17.png","type":"image\/png"}],"twitter_card":"summary_large_image","twitter_title":"RCP Pap\u00e9is","twitter_description":"RCP Pap\u00e9is \u00e0 + 40 anos produzindo e comercializando embalagens chapas e bobinas de papel\u00e3o. Solicite seu or\u00e7amento!","twitter_image":"https:\/\/rcppapeis.com.br\/wp-content\/uploads\/2023\/10\/Banners-Blog-17.png","twitter_misc":{"Est. tempo de leitura":"5 minutos"},"schema":{"@context":"https:\/\/schema.org","@graph":[{"@type":"WebPage","@id":"https:\/\/rcppapeis.com.br\/","url":"https:\/\/rcppapeis.com.br\/","name":"Embalagens Chapas e Bobinas de Papel\u00e3o | RCP Pap\u00e9is","isPartOf":{"@id":"https:\/\/rcppapeis.com.br\/#website"},"primaryImageOfPage":{"@id":"https:\/\/rcppapeis.com.br\/#primaryimage"},"image":{"@id":"https:\/\/rcppapeis.com.br\/#primaryimage"},"thumbnailUrl":"https:\/\/rcppapeis.com.br\/wp-content\/uploads\/2023\/10\/Banners-Blog-17.png","datePublished":"2022-12-17T17:26:49+00:00","dateModified":"2024-04-17T19:40:21+00:00","description":"RCP Pap\u00e9is h\u00e1 +40 anos produzindo e comercializando embalagens chapas e bobinas de papel\u00e3o. Solicite seu or\u00e7amento!","breadcrumb":{"@id":"https:\/\/rcppapeis.com.br\/#breadcrumb"},"inLanguage":"pt-BR","potentialAction":[{"@type":"ReadAction","target":["https:\/\/rcppapeis.com.br\/"]}]},{"@type":"ImageObject","inLanguage":"pt-BR","@id":"https:\/\/rcppapeis.com.br\/#primaryimage","url":"https:\/\/rcppapeis.com.br\/wp-content\/uploads\/2023\/10\/Banners-Blog-17.png","contentUrl":"https:\/\/rcppapeis.com.br\/wp-content\/uploads\/2023\/10\/Banners-Blog-17.png","width":1140,"height":560,"caption":"Descubra Onde Comprar Caixas De Papel\u00e3o Para O Seu Neg\u00f3cio!"},{"@type":"BreadcrumbList","@id":"https:\/\/rcppapeis.com.br\/#breadcrumb","itemListElement":[{"@type":"ListItem","position":1,"name":"In\u00edcio","item":"https:\/\/rcppapeis.com.br\/"},{"@type":"ListItem","position":2,"name":"Embalagens Chapas e Bobinas de Papel\u00e3o"}]},{"@type":"WebSite","@id":"https:\/\/rcppapeis.com.br\/#website","url":"https:\/\/rcppapeis.com.br\/","name":"RCP Pap\u00e9is","description":"","publisher":{"@id":"https:\/\/rcppapeis.com.br\/#organization"},"potentialAction":[{"@type":"SearchAction","target":{"@type":"EntryPoint","urlTemplate":"https:\/\/rcppapeis.com.br\/?s={search_term_string}"},"query-input":{"@type":"PropertyValueSpecification","valueRequired":true,"valueName":"search_term_string"}}],"inLanguage":"pt-BR"},{"@type":"Organization","@id":"https:\/\/rcppapeis.com.br\/#organization","name":"RCP Pap\u00e9is","url":"https:\/\/rcppapeis.com.br\/","logo":{"@type":"ImageObject","inLanguage":"pt-BR","@id":"https:\/\/rcppapeis.com.br\/#\/schema\/logo\/image\/","url":"http:\/\/rcppapeis.com.br\/wp-content\/uploads\/2022\/12\/Logo-Colorido.png","contentUrl":"http:\/\/rcppapeis.com.br\/wp-content\/uploads\/2022\/12\/Logo-Colorido.png","width":152,"height":114,"caption":"RCP Pap\u00e9is"},"image":{"@id":"https:\/\/rcppapeis.com.br\/#\/schema\/logo\/image\/"},"sameAs":["https:\/\/www.facebook.com\/rcppapeisembalagens","https:\/\/www.instagram.com\/rcp.papeis\/","https:\/\/www.linkedin.com\/company\/rcp-papeis\/"]}]}},"_links":{"self":[{"href":"https:\/\/rcppapeis.com.br\/index.php?rest_route=\/wp\/v2\/pages\/38","targetHints":{"allow":["GET"]}}],"collection":[{"href":"https:\/\/rcppapeis.com.br\/index.php?rest_route=\/wp\/v2\/pages"}],"about":[{"href":"https:\/\/rcppapeis.com.br\/index.php?rest_route=\/wp\/v2\/types\/page"}],"author":[{"embeddable":true,"href":"https:\/\/rcppapeis.com.br\/index.php?rest_route=\/wp\/v2\/users\/4"}],"replies":[{"embeddable":true,"href":"https:\/\/rcppapeis.com.br\/index.php?rest_route=%2Fwp%2Fv2%2Fcomments&post=38"}],"version-history":[{"count":4,"href":"https:\/\/rcppapeis.com.br\/index.php?rest_route=\/wp\/v2\/pages\/38\/revisions"}],"predecessor-version":[{"id":660,"href":"https:\/\/rcppapeis.com.br\/index.php?rest_route=\/wp\/v2\/pages\/38\/revisions\/660"}],"wp:featuredmedia":[{"embeddable":true,"href":"https:\/\/rcppapeis.com.br\/index.php?rest_route=\/wp\/v2\/media\/593"}],"wp:attachment":[{"href":"https:\/\/rcppapeis.com.br\/index.php?rest_route=%2Fwp%2Fv2%2Fmedia&parent=38"}],"curies":[{"name":"wp","href":"https:\/\/api.w.org\/{rel}","templated":true}]}}