{"id":334,"date":"2023-01-19T11:00:24","date_gmt":"2023-01-19T14:00:24","guid":{"rendered":"https:\/\/rcppapeis.com.br\/?page_id=334"},"modified":"2024-09-17T10:50:46","modified_gmt":"2024-09-17T13:50:46","slug":"trabalhe-conosco","status":"publish","type":"page","link":"https:\/\/rcppapeis.com.br\/?page_id=334","title":{"rendered":"Trabalhe conosco"},"content":{"rendered":"\t\t<div data-elementor-type=\"wp-page\" data-elementor-id=\"334\" class=\"elementor elementor-334\" data-elementor-post-type=\"page\">\n\t\t\t\t\t\t<section class=\"elementor-section elementor-top-section elementor-element elementor-element-b56b948 elementor-section-stretched elementor-section-boxed elementor-section-height-default elementor-section-height-default\" data-id=\"b56b948\" data-element_type=\"section\" data-settings=\"{&quot;stretch_section&quot;:&quot;section-stretched&quot;}\">\n\t\t\t\t\t\t<div class=\"elementor-container elementor-column-gap-default\">\n\t\t\t\t\t<div class=\"elementor-column elementor-col-50 elementor-top-column elementor-element elementor-element-47d37dc\" data-id=\"47d37dc\" data-element_type=\"column\">\n\t\t\t<div class=\"elementor-widget-wrap elementor-element-populated\">\n\t\t\t\t\t\t<div class=\"elementor-element elementor-element-63aa50a elementor-widget elementor-widget-heading\" data-id=\"63aa50a\" data-element_type=\"widget\" data-widget_type=\"heading.default\">\n\t\t\t\t<div class=\"elementor-widget-container\">\n\t\t\t<h1 class=\"elementor-heading-title elementor-size-default\">Trabalhe<br> Conosco<\/h1>\t\t<\/div>\n\t\t\t\t<\/div>\n\t\t\t\t<div class=\"elementor-element elementor-element-338dff1 elementor-widget__width-initial elementor-widget elementor-widget-text-editor\" data-id=\"338dff1\" data-element_type=\"widget\" data-widget_type=\"text-editor.default\">\n\t\t\t\t<div class=\"elementor-widget-container\">\n\t\t\t\t\t\t\t<p>Nossa equipe de Recursos Humanos est\u00e1 dispon\u00edvel para receber curr\u00edculos para vagas abertas e\/ou banco de talentos.<\/p>\t\t\t\t\t\t<\/div>\n\t\t\t\t<\/div>\n\t\t\t\t\t<\/div>\n\t\t<\/div>\n\t\t\t\t<div class=\"elementor-column elementor-col-50 elementor-top-column elementor-element elementor-element-59af786\" data-id=\"59af786\" data-element_type=\"column\" data-settings=\"{&quot;background_background&quot;:&quot;classic&quot;}\">\n\t\t\t<div class=\"elementor-widget-wrap elementor-element-populated\">\n\t\t\t\t\t\t<div class=\"elementor-element elementor-element-0470853 elementor-button-align-center elementor-widget elementor-widget-form\" data-id=\"0470853\" data-element_type=\"widget\" data-settings=\"{&quot;step_next_label&quot;:&quot;Next&quot;,&quot;step_previous_label&quot;:&quot;Previous&quot;,&quot;button_width&quot;:&quot;100&quot;,&quot;step_type&quot;:&quot;number_text&quot;,&quot;step_icon_shape&quot;:&quot;circle&quot;}\" data-widget_type=\"form.default\">\n\t\t\t\t<div class=\"elementor-widget-container\">\n\t\t\t\t\t<form class=\"elementor-form\" method=\"post\" name=\"Or\u00e7amento\">\n\t\t\t<input type=\"hidden\" name=\"post_id\" value=\"334\"\/>\n\t\t\t<input type=\"hidden\" name=\"form_id\" value=\"0470853\"\/>\n\t\t\t<input type=\"hidden\" name=\"referer_title\" value=\"RCP Pap\u00e9is\" \/>\n\n\t\t\t\n\t\t\t<div class=\"elementor-form-fields-wrapper elementor-labels-above\">\n\t\t\t\t\t\t\t\t<div class=\"elementor-field-type-hidden elementor-field-group elementor-column elementor-field-group-palavrachave elementor-col-100\">\n\t\t\t\t\t\t\t\t\t\t\t\t\t<input size=\"1\" type=\"hidden\" name=\"form_fields[palavrachave]\" id=\"form-field-palavrachave\" class=\"elementor-field elementor-size-sm  elementor-field-textual\">\n\t\t\t\t\t\t\t\t\t\t\t<\/div>\n\t\t\t\t\t\t\t\t<div class=\"elementor-field-type-text elementor-field-group elementor-column elementor-field-group-nome elementor-col-100\">\n\t\t\t\t\t\t\t\t\t\t\t\t<label for=\"form-field-nome\" class=\"elementor-field-label\">\n\t\t\t\t\t\t\t\tNome\t\t\t\t\t\t\t<\/label>\n\t\t\t\t\t\t\t\t\t\t\t\t\t\t<input size=\"1\" type=\"text\" name=\"form_fields[nome]\" id=\"form-field-nome\" class=\"elementor-field elementor-size-sm  elementor-field-textual\" placeholder=\"Nome\">\n\t\t\t\t\t\t\t\t\t\t\t<\/div>\n\t\t\t\t\t\t\t\t<div class=\"elementor-field-type-email elementor-field-group elementor-column elementor-field-group-email elementor-col-100 elementor-field-required\">\n\t\t\t\t\t\t\t\t\t\t\t\t<label for=\"form-field-email\" class=\"elementor-field-label\">\n\t\t\t\t\t\t\t\tE-mail\t\t\t\t\t\t\t<\/label>\n\t\t\t\t\t\t\t\t\t\t\t\t\t\t<input size=\"1\" type=\"email\" name=\"form_fields[email]\" id=\"form-field-email\" class=\"elementor-field elementor-size-sm  elementor-field-textual\" placeholder=\"nome@suaempresa.com.br\" required=\"required\" aria-required=\"true\">\n\t\t\t\t\t\t\t\t\t\t\t<\/div>\n\t\t\t\t\t\t\t\t<div class=\"elementor-field-type-tel elementor-field-group elementor-column elementor-field-group-telefone elementor-col-100 elementor-field-required\">\n\t\t\t\t\t\t\t\t\t\t\t\t<label for=\"form-field-telefone\" class=\"elementor-field-label\">\n\t\t\t\t\t\t\t\tTelefone:\t\t\t\t\t\t\t<\/label>\n\t\t\t\t\t\t\t\t<input size=\"1\" type=\"tel\" name=\"form_fields[telefone]\" id=\"form-field-telefone\" class=\"elementor-field elementor-size-sm  elementor-field-textual\" placeholder=\"(XX) 12345-6789\" required=\"required\" aria-required=\"true\" pattern=\"[0-9()#&amp;+*-=.]+\" title=\"Only numbers and phone characters (#, -, *, etc) are accepted.\">\n\n\t\t\t\t\t\t<\/div>\n\t\t\t\t\t\t\t\t<div class=\"elementor-field-type-textarea elementor-field-group elementor-column elementor-field-group-mensagem elementor-col-100 elementor-field-required\">\n\t\t\t\t\t\t\t\t\t\t\t\t<label for=\"form-field-mensagem\" class=\"elementor-field-label\">\n\t\t\t\t\t\t\t\tMensagem\t\t\t\t\t\t\t<\/label>\n\t\t\t\t\t\t<textarea class=\"elementor-field-textual elementor-field  elementor-size-sm\" name=\"form_fields[mensagem]\" id=\"form-field-mensagem\" rows=\"4\" placeholder=\"Fale um pouco sobre voc\u00ea e sua busca profissional...\" required=\"required\" aria-required=\"true\"><\/textarea>\t\t\t\t<\/div>\n\t\t\t\t\t\t\t\t<div class=\"elementor-field-type-recaptcha_v3 elementor-field-group elementor-column elementor-field-group-field_e983530 elementor-col-100 recaptcha_v3-bottomleft\">\n\t\t\t\t\t<div class=\"elementor-field\" id=\"form-field-field_e983530\"><div class=\"elementor-g-recaptcha\" data-sitekey=\"6LeR3j0jAAAAAO6uNT7S8E63yGcWPKLnhC5JKevx\" data-type=\"v3\" data-action=\"Form\" data-badge=\"bottomleft\" data-size=\"invisible\"><\/div><\/div>\t\t\t\t<\/div>\n\t\t\t\t\t\t\t\t<div class=\"elementor-field-type-upload elementor-field-group elementor-column elementor-field-group-field_1bd4df5 elementor-col-100 elementor-field-required\">\n\t\t\t\t\t\t\t\t\t\t\t\t<label for=\"form-field-field_1bd4df5\" class=\"elementor-field-label\">\n\t\t\t\t\t\t\t\tUpload de curr\u00edculo\t\t\t\t\t\t\t<\/label>\n\t\t\t\t\t\t\t\t<input type=\"file\" name=\"form_fields[field_1bd4df5]\" id=\"form-field-field_1bd4df5\" class=\"elementor-field elementor-size-sm  elementor-upload-field\" required=\"required\" aria-required=\"true\" data-maxsize=\"4\" data-maxsize-message=\"This file exceeds the maximum allowed size.\">\n\n\t\t\t\t\t\t<\/div>\n\t\t\t\t\t\t\t\t<div class=\"elementor-field-group elementor-column elementor-field-type-submit elementor-col-100 e-form__buttons\">\n\t\t\t\t\t<button class=\"elementor-button elementor-size-sm\" type=\"submit\">\n\t\t\t\t\t\t<span class=\"elementor-button-content-wrapper\">\n\t\t\t\t\t\t\t\t\t\t\t\t\t\t\t\t\t\t\t\t\t\t<span class=\"elementor-button-text\">Enviar<\/span>\n\t\t\t\t\t\t\t\t\t\t\t\t\t<\/span>\n\t\t\t\t\t<\/button>\n\t\t\t\t<\/div>\n\t\t\t<\/div>\n\t\t<\/form>\n\t\t\t\t<\/div>\n\t\t\t\t<\/div>\n\t\t\t\t\t<\/div>\n\t\t<\/div>\n\t\t\t\t\t<\/div>\n\t\t<\/section>\n\t\t\t\t<\/div>\n\t\t","protected":false},"excerpt":{"rendered":"<p>Trabalhe Conosco Nossa equipe de Recursos Humanos est\u00e1 dispon\u00edvel para receber curr\u00edculos para vagas abertas e\/ou banco de talentos.<\/p>\n","protected":false},"author":4,"featured_media":0,"parent":0,"menu_order":0,"comment_status":"closed","ping_status":"closed","template":"elementor_header_footer","meta":{"_acf_changed":false,"footnotes":""},"class_list":["post-334","page","type-page","status-publish","hentry"],"acf":[],"yoast_head":"<!-- This site is optimized with the Yoast SEO plugin v27.4 - https:\/\/yoast.com\/product\/yoast-seo-wordpress\/ -->\n<title>Trabalhe conosco | RCP Pap\u00e9is<\/title>\n<meta name=\"description\" content=\"Trabalhe conosco - RCP Pap\u00e9is Voc\u00ea quer fazer parte de uma empresa l\u00edder no mercado de pap\u00e9is, que valoriza seus colaboradores e investe em seu desenvolvimento profissional e pessoal? Ent\u00e3o venha trabalhar conosco na RCP Pap\u00e9is. Envie seu curr\u00edculo pelo site e participe do nosso processo seletivo. Temos vagas para diversas \u00e1reas e n\u00edveis de experi\u00eancia. Junte-se \u00e0 nossa equipe e fa\u00e7a a diferen\u00e7a!\" \/>\n<meta name=\"robots\" content=\"index, follow, max-snippet:-1, max-image-preview:large, max-video-preview:-1\" \/>\n<link rel=\"canonical\" href=\"https:\/\/rcppapeis.com.br\/?page_id=334\" \/>\n<meta property=\"og:locale\" content=\"pt_BR\" \/>\n<meta property=\"og:type\" content=\"article\" \/>\n<meta property=\"og:title\" content=\"Trabalhe conosco\" \/>\n<meta property=\"og:description\" content=\"Trabalhe conosco - RCP Pap\u00e9is Voc\u00ea quer fazer parte de uma empresa l\u00edder no mercado de pap\u00e9is, que valoriza seus colaboradores e investe em seu desenvolvimento profissional e pessoal? Ent\u00e3o venha trabalhar conosco na RCP Pap\u00e9is. Envie seu curr\u00edculo pelo site e participe do nosso processo seletivo. Temos vagas para diversas \u00e1reas e n\u00edveis de experi\u00eancia. Junte-se \u00e0 nossa equipe e fa\u00e7a a diferen\u00e7a!\" \/>\n<meta property=\"og:url\" content=\"https:\/\/rcppapeis.com.br\/?page_id=334\" \/>\n<meta property=\"og:site_name\" content=\"RCP Pap\u00e9is\" \/>\n<meta property=\"article:publisher\" content=\"https:\/\/www.facebook.com\/rcppapeisembalagens\" \/>\n<meta property=\"article:modified_time\" content=\"2024-09-17T13:50:46+00:00\" \/>\n<meta property=\"og:image\" content=\"https:\/\/rcppapeis.com.br\/wp-content\/uploads\/2023\/10\/Banners-Blog-17.png\" \/>\n\t<meta property=\"og:image:width\" content=\"1140\" \/>\n\t<meta property=\"og:image:height\" content=\"560\" \/>\n\t<meta property=\"og:image:type\" content=\"image\/png\" \/>\n<meta name=\"twitter:card\" content=\"summary_large_image\" \/>\n<meta name=\"twitter:title\" content=\"Trabalhe conosco\" \/>\n<meta name=\"twitter:description\" content=\"Trabalhe conosco - RCP Pap\u00e9is Voc\u00ea quer fazer parte de uma empresa l\u00edder no mercado de pap\u00e9is, que valoriza seus colaboradores e investe em seu desenvolvimento profissional e pessoal? Ent\u00e3o venha trabalhar conosco na RCP Pap\u00e9is. Envie seu curr\u00edculo pelo site e participe do nosso processo seletivo. Temos vagas para diversas \u00e1reas e n\u00edveis de experi\u00eancia. Junte-se \u00e0 nossa equipe e fa\u00e7a a diferen\u00e7a!\" \/>\n<meta name=\"twitter:label1\" content=\"Est. tempo de leitura\" \/>\n\t<meta name=\"twitter:data1\" content=\"1 minuto\" \/>\n<script type=\"application\/ld+json\" class=\"yoast-schema-graph\">{\"@context\":\"https:\\\/\\\/schema.org\",\"@graph\":[{\"@type\":\"WebPage\",\"@id\":\"https:\\\/\\\/rcppapeis.com.br\\\/?page_id=334\",\"url\":\"https:\\\/\\\/rcppapeis.com.br\\\/?page_id=334\",\"name\":\"Trabalhe conosco | RCP Pap\u00e9is\",\"isPartOf\":{\"@id\":\"https:\\\/\\\/rcppapeis.com.br\\\/#website\"},\"datePublished\":\"2023-01-19T14:00:24+00:00\",\"dateModified\":\"2024-09-17T13:50:46+00:00\",\"description\":\"Trabalhe conosco - RCP Pap\u00e9is Voc\u00ea quer fazer parte de uma empresa l\u00edder no mercado de pap\u00e9is, que valoriza seus colaboradores e investe em seu desenvolvimento profissional e pessoal? Ent\u00e3o venha trabalhar conosco na RCP Pap\u00e9is. Envie seu curr\u00edculo pelo site e participe do nosso processo seletivo. Temos vagas para diversas \u00e1reas e n\u00edveis de experi\u00eancia. Junte-se \u00e0 nossa equipe e fa\u00e7a a diferen\u00e7a!\",\"breadcrumb\":{\"@id\":\"https:\\\/\\\/rcppapeis.com.br\\\/?page_id=334#breadcrumb\"},\"inLanguage\":\"pt-BR\",\"potentialAction\":[{\"@type\":\"ReadAction\",\"target\":[\"https:\\\/\\\/rcppapeis.com.br\\\/?page_id=334\"]}]},{\"@type\":\"BreadcrumbList\",\"@id\":\"https:\\\/\\\/rcppapeis.com.br\\\/?page_id=334#breadcrumb\",\"itemListElement\":[{\"@type\":\"ListItem\",\"position\":1,\"name\":\"In\u00edcio\",\"item\":\"https:\\\/\\\/rcppapeis.com.br\\\/\"},{\"@type\":\"ListItem\",\"position\":2,\"name\":\"Trabalhe conosco\"}]},{\"@type\":\"WebSite\",\"@id\":\"https:\\\/\\\/rcppapeis.com.br\\\/#website\",\"url\":\"https:\\\/\\\/rcppapeis.com.br\\\/\",\"name\":\"RCP Pap\u00e9is\",\"description\":\"\",\"publisher\":{\"@id\":\"https:\\\/\\\/rcppapeis.com.br\\\/#organization\"},\"potentialAction\":[{\"@type\":\"SearchAction\",\"target\":{\"@type\":\"EntryPoint\",\"urlTemplate\":\"https:\\\/\\\/rcppapeis.com.br\\\/?s={search_term_string}\"},\"query-input\":{\"@type\":\"PropertyValueSpecification\",\"valueRequired\":true,\"valueName\":\"search_term_string\"}}],\"inLanguage\":\"pt-BR\"},{\"@type\":\"Organization\",\"@id\":\"https:\\\/\\\/rcppapeis.com.br\\\/#organization\",\"name\":\"RCP Pap\u00e9is\",\"url\":\"https:\\\/\\\/rcppapeis.com.br\\\/\",\"logo\":{\"@type\":\"ImageObject\",\"inLanguage\":\"pt-BR\",\"@id\":\"https:\\\/\\\/rcppapeis.com.br\\\/#\\\/schema\\\/logo\\\/image\\\/\",\"url\":\"http:\\\/\\\/rcppapeis.com.br\\\/wp-content\\\/uploads\\\/2022\\\/12\\\/Logo-Colorido.png\",\"contentUrl\":\"http:\\\/\\\/rcppapeis.com.br\\\/wp-content\\\/uploads\\\/2022\\\/12\\\/Logo-Colorido.png\",\"width\":152,\"height\":114,\"caption\":\"RCP Pap\u00e9is\"},\"image\":{\"@id\":\"https:\\\/\\\/rcppapeis.com.br\\\/#\\\/schema\\\/logo\\\/image\\\/\"},\"sameAs\":[\"https:\\\/\\\/www.facebook.com\\\/rcppapeisembalagens\",\"https:\\\/\\\/www.instagram.com\\\/rcp.papeis\\\/\",\"https:\\\/\\\/www.linkedin.com\\\/company\\\/rcp-papeis\\\/\"]}]}<\/script>\n<!-- \/ Yoast SEO plugin. -->","yoast_head_json":{"title":"Trabalhe conosco | RCP Pap\u00e9is","description":"Trabalhe conosco - RCP Pap\u00e9is Voc\u00ea quer fazer parte de uma empresa l\u00edder no mercado de pap\u00e9is, que valoriza seus colaboradores e investe em seu desenvolvimento profissional e pessoal? Ent\u00e3o venha trabalhar conosco na RCP Pap\u00e9is. Envie seu curr\u00edculo pelo site e participe do nosso processo seletivo. Temos vagas para diversas \u00e1reas e n\u00edveis de experi\u00eancia. Junte-se \u00e0 nossa equipe e fa\u00e7a a diferen\u00e7a!","robots":{"index":"index","follow":"follow","max-snippet":"max-snippet:-1","max-image-preview":"max-image-preview:large","max-video-preview":"max-video-preview:-1"},"canonical":"https:\/\/rcppapeis.com.br\/?page_id=334","og_locale":"pt_BR","og_type":"article","og_title":"Trabalhe conosco","og_description":"Trabalhe conosco - RCP Pap\u00e9is Voc\u00ea quer fazer parte de uma empresa l\u00edder no mercado de pap\u00e9is, que valoriza seus colaboradores e investe em seu desenvolvimento profissional e pessoal? Ent\u00e3o venha trabalhar conosco na RCP Pap\u00e9is. Envie seu curr\u00edculo pelo site e participe do nosso processo seletivo. Temos vagas para diversas \u00e1reas e n\u00edveis de experi\u00eancia. Junte-se \u00e0 nossa equipe e fa\u00e7a a diferen\u00e7a!","og_url":"https:\/\/rcppapeis.com.br\/?page_id=334","og_site_name":"RCP Pap\u00e9is","article_publisher":"https:\/\/www.facebook.com\/rcppapeisembalagens","article_modified_time":"2024-09-17T13:50:46+00:00","og_image":[{"width":1140,"height":560,"url":"https:\/\/rcppapeis.com.br\/wp-content\/uploads\/2023\/10\/Banners-Blog-17.png","type":"image\/png"}],"twitter_card":"summary_large_image","twitter_title":"Trabalhe conosco","twitter_description":"Trabalhe conosco - RCP Pap\u00e9is Voc\u00ea quer fazer parte de uma empresa l\u00edder no mercado de pap\u00e9is, que valoriza seus colaboradores e investe em seu desenvolvimento profissional e pessoal? Ent\u00e3o venha trabalhar conosco na RCP Pap\u00e9is. Envie seu curr\u00edculo pelo site e participe do nosso processo seletivo. Temos vagas para diversas \u00e1reas e n\u00edveis de experi\u00eancia. Junte-se \u00e0 nossa equipe e fa\u00e7a a diferen\u00e7a!","twitter_misc":{"Est. tempo de leitura":"1 minuto"},"schema":{"@context":"https:\/\/schema.org","@graph":[{"@type":"WebPage","@id":"https:\/\/rcppapeis.com.br\/?page_id=334","url":"https:\/\/rcppapeis.com.br\/?page_id=334","name":"Trabalhe conosco | RCP Pap\u00e9is","isPartOf":{"@id":"https:\/\/rcppapeis.com.br\/#website"},"datePublished":"2023-01-19T14:00:24+00:00","dateModified":"2024-09-17T13:50:46+00:00","description":"Trabalhe conosco - RCP Pap\u00e9is Voc\u00ea quer fazer parte de uma empresa l\u00edder no mercado de pap\u00e9is, que valoriza seus colaboradores e investe em seu desenvolvimento profissional e pessoal? Ent\u00e3o venha trabalhar conosco na RCP Pap\u00e9is. Envie seu curr\u00edculo pelo site e participe do nosso processo seletivo. Temos vagas para diversas \u00e1reas e n\u00edveis de experi\u00eancia. Junte-se \u00e0 nossa equipe e fa\u00e7a a diferen\u00e7a!","breadcrumb":{"@id":"https:\/\/rcppapeis.com.br\/?page_id=334#breadcrumb"},"inLanguage":"pt-BR","potentialAction":[{"@type":"ReadAction","target":["https:\/\/rcppapeis.com.br\/?page_id=334"]}]},{"@type":"BreadcrumbList","@id":"https:\/\/rcppapeis.com.br\/?page_id=334#breadcrumb","itemListElement":[{"@type":"ListItem","position":1,"name":"In\u00edcio","item":"https:\/\/rcppapeis.com.br\/"},{"@type":"ListItem","position":2,"name":"Trabalhe conosco"}]},{"@type":"WebSite","@id":"https:\/\/rcppapeis.com.br\/#website","url":"https:\/\/rcppapeis.com.br\/","name":"RCP Pap\u00e9is","description":"","publisher":{"@id":"https:\/\/rcppapeis.com.br\/#organization"},"potentialAction":[{"@type":"SearchAction","target":{"@type":"EntryPoint","urlTemplate":"https:\/\/rcppapeis.com.br\/?s={search_term_string}"},"query-input":{"@type":"PropertyValueSpecification","valueRequired":true,"valueName":"search_term_string"}}],"inLanguage":"pt-BR"},{"@type":"Organization","@id":"https:\/\/rcppapeis.com.br\/#organization","name":"RCP Pap\u00e9is","url":"https:\/\/rcppapeis.com.br\/","logo":{"@type":"ImageObject","inLanguage":"pt-BR","@id":"https:\/\/rcppapeis.com.br\/#\/schema\/logo\/image\/","url":"http:\/\/rcppapeis.com.br\/wp-content\/uploads\/2022\/12\/Logo-Colorido.png","contentUrl":"http:\/\/rcppapeis.com.br\/wp-content\/uploads\/2022\/12\/Logo-Colorido.png","width":152,"height":114,"caption":"RCP Pap\u00e9is"},"image":{"@id":"https:\/\/rcppapeis.com.br\/#\/schema\/logo\/image\/"},"sameAs":["https:\/\/www.facebook.com\/rcppapeisembalagens","https:\/\/www.instagram.com\/rcp.papeis\/","https:\/\/www.linkedin.com\/company\/rcp-papeis\/"]}]}},"_links":{"self":[{"href":"https:\/\/rcppapeis.com.br\/index.php?rest_route=\/wp\/v2\/pages\/334","targetHints":{"allow":["GET"]}}],"collection":[{"href":"https:\/\/rcppapeis.com.br\/index.php?rest_route=\/wp\/v2\/pages"}],"about":[{"href":"https:\/\/rcppapeis.com.br\/index.php?rest_route=\/wp\/v2\/types\/page"}],"author":[{"embeddable":true,"href":"https:\/\/rcppapeis.com.br\/index.php?rest_route=\/wp\/v2\/users\/4"}],"replies":[{"embeddable":true,"href":"https:\/\/rcppapeis.com.br\/index.php?rest_route=%2Fwp%2Fv2%2Fcomments&post=334"}],"version-history":[{"count":9,"href":"https:\/\/rcppapeis.com.br\/index.php?rest_route=\/wp\/v2\/pages\/334\/revisions"}],"predecessor-version":[{"id":731,"href":"https:\/\/rcppapeis.com.br\/index.php?rest_route=\/wp\/v2\/pages\/334\/revisions\/731"}],"wp:attachment":[{"href":"https:\/\/rcppapeis.com.br\/index.php?rest_route=%2Fwp%2Fv2%2Fmedia&parent=334"}],"curies":[{"name":"wp","href":"https:\/\/api.w.org\/{rel}","templated":true}]}}