{"id":262,"date":"2023-01-12T10:50:06","date_gmt":"2023-01-12T13:50:06","guid":{"rendered":"https:\/\/rcppapeis.com.br\/?page_id=262"},"modified":"2023-11-29T16:33:59","modified_gmt":"2023-11-29T19:33:59","slug":"nossos-processos","status":"publish","type":"page","link":"https:\/\/rcppapeis.com.br\/?page_id=262","title":{"rendered":"NOSSOS PROCESSOS"},"content":{"rendered":"","protected":false},"excerpt":{"rendered":"","protected":false},"author":4,"featured_media":0,"parent":0,"menu_order":0,"comment_status":"closed","ping_status":"closed","template":"template-page\/page-servico.php","meta":{"_acf_changed":false,"footnotes":""},"class_list":["post-262","page","type-page","status-publish","hentry"],"acf":[],"yoast_head":"<!-- This site is optimized with the Yoast SEO plugin v27.6 - https:\/\/yoast.com\/product\/yoast-seo-wordpress\/ -->\n<title>NOSSOS PROCESSOS | RCP Pap\u00e9is<\/title>\n<meta name=\"description\" content=\"Conhe\u00e7a os processos produtivos da RCP Pap\u00e9is, uma f\u00e1brica de caixas de papel\u00e3o, chapas e papel reciclado. Veja como eles reciclam papel e fabricam embalagens de qualidade e sustent\u00e1veis.\" \/>\n<meta name=\"robots\" content=\"index, follow, max-snippet:-1, max-image-preview:large, max-video-preview:-1\" \/>\n<link rel=\"canonical\" href=\"http:\/\/rcppapeis.com.br\/?page_id=262\" \/>\n<meta property=\"og:locale\" content=\"pt_BR\" \/>\n<meta property=\"og:type\" content=\"article\" \/>\n<meta property=\"og:title\" content=\"NOSSOS PROCESSOS\" \/>\n<meta property=\"og:description\" content=\"Conhe\u00e7a os processos produtivos da RCP Pap\u00e9is, uma f\u00e1brica de caixas de papel\u00e3o, chapas e papel reciclado. Veja como eles reciclam papel e fabricam embalagens de qualidade e sustent\u00e1veis.\" \/>\n<meta property=\"og:url\" content=\"http:\/\/rcppapeis.com.br\/?page_id=262\" \/>\n<meta property=\"og:site_name\" content=\"RCP Pap\u00e9is\" \/>\n<meta property=\"article:publisher\" content=\"https:\/\/www.facebook.com\/rcppapeisembalagens\" \/>\n<meta property=\"article:modified_time\" content=\"2023-11-29T19:33:59+00:00\" \/>\n<meta property=\"og:image\" content=\"https:\/\/rcppapeis.com.br\/wp-content\/uploads\/2023\/10\/Banners-Blog-17.png\" \/>\n\t<meta property=\"og:image:width\" content=\"1140\" \/>\n\t<meta property=\"og:image:height\" content=\"560\" \/>\n\t<meta property=\"og:image:type\" content=\"image\/png\" \/>\n<meta name=\"twitter:card\" content=\"summary_large_image\" \/>\n<meta name=\"twitter:title\" content=\"NOSSOS PROCESSOS\" \/>\n<meta name=\"twitter:description\" content=\"Conhe\u00e7a os processos produtivos da RCP Pap\u00e9is, uma f\u00e1brica de caixas de papel\u00e3o, chapas e papel reciclado. Veja como eles reciclam papel e fabricam embalagens de qualidade e sustent\u00e1veis.\" \/>\n<script type=\"application\/ld+json\" class=\"yoast-schema-graph\">{\"@context\":\"https:\\\/\\\/schema.org\",\"@graph\":[{\"@type\":\"WebPage\",\"@id\":\"http:\\\/\\\/rcppapeis.com.br\\\/?page_id=262\",\"url\":\"http:\\\/\\\/rcppapeis.com.br\\\/?page_id=262\",\"name\":\"NOSSOS PROCESSOS | RCP Pap\u00e9is\",\"isPartOf\":{\"@id\":\"https:\\\/\\\/rcppapeis.com.br\\\/#website\"},\"datePublished\":\"2023-01-12T13:50:06+00:00\",\"dateModified\":\"2023-11-29T19:33:59+00:00\",\"description\":\"Conhe\u00e7a os processos produtivos da RCP Pap\u00e9is, uma f\u00e1brica de caixas de papel\u00e3o, chapas e papel reciclado. Veja como eles reciclam papel e fabricam embalagens de qualidade e sustent\u00e1veis.\",\"breadcrumb\":{\"@id\":\"http:\\\/\\\/rcppapeis.com.br\\\/?page_id=262#breadcrumb\"},\"inLanguage\":\"pt-BR\",\"potentialAction\":[{\"@type\":\"ReadAction\",\"target\":[\"http:\\\/\\\/rcppapeis.com.br\\\/?page_id=262\"]}]},{\"@type\":\"BreadcrumbList\",\"@id\":\"http:\\\/\\\/rcppapeis.com.br\\\/?page_id=262#breadcrumb\",\"itemListElement\":[{\"@type\":\"ListItem\",\"position\":1,\"name\":\"In\u00edcio\",\"item\":\"https:\\\/\\\/rcppapeis.com.br\\\/\"},{\"@type\":\"ListItem\",\"position\":2,\"name\":\"NOSSOS PROCESSOS\"}]},{\"@type\":\"WebSite\",\"@id\":\"https:\\\/\\\/rcppapeis.com.br\\\/#website\",\"url\":\"https:\\\/\\\/rcppapeis.com.br\\\/\",\"name\":\"RCP Pap\u00e9is\",\"description\":\"\",\"publisher\":{\"@id\":\"https:\\\/\\\/rcppapeis.com.br\\\/#organization\"},\"potentialAction\":[{\"@type\":\"SearchAction\",\"target\":{\"@type\":\"EntryPoint\",\"urlTemplate\":\"https:\\\/\\\/rcppapeis.com.br\\\/?s={search_term_string}\"},\"query-input\":{\"@type\":\"PropertyValueSpecification\",\"valueRequired\":true,\"valueName\":\"search_term_string\"}}],\"inLanguage\":\"pt-BR\"},{\"@type\":\"Organization\",\"@id\":\"https:\\\/\\\/rcppapeis.com.br\\\/#organization\",\"name\":\"RCP Pap\u00e9is\",\"url\":\"https:\\\/\\\/rcppapeis.com.br\\\/\",\"logo\":{\"@type\":\"ImageObject\",\"inLanguage\":\"pt-BR\",\"@id\":\"https:\\\/\\\/rcppapeis.com.br\\\/#\\\/schema\\\/logo\\\/image\\\/\",\"url\":\"http:\\\/\\\/rcppapeis.com.br\\\/wp-content\\\/uploads\\\/2022\\\/12\\\/Logo-Colorido.png\",\"contentUrl\":\"http:\\\/\\\/rcppapeis.com.br\\\/wp-content\\\/uploads\\\/2022\\\/12\\\/Logo-Colorido.png\",\"width\":152,\"height\":114,\"caption\":\"RCP Pap\u00e9is\"},\"image\":{\"@id\":\"https:\\\/\\\/rcppapeis.com.br\\\/#\\\/schema\\\/logo\\\/image\\\/\"},\"sameAs\":[\"https:\\\/\\\/www.facebook.com\\\/rcppapeisembalagens\",\"https:\\\/\\\/www.instagram.com\\\/rcp.papeis\\\/\",\"https:\\\/\\\/www.linkedin.com\\\/company\\\/rcp-papeis\\\/\"]}]}<\/script>\n<!-- \/ Yoast SEO plugin. -->","yoast_head_json":{"title":"NOSSOS PROCESSOS | RCP Pap\u00e9is","description":"Conhe\u00e7a os processos produtivos da RCP Pap\u00e9is, uma f\u00e1brica de caixas de papel\u00e3o, chapas e papel reciclado. Veja como eles reciclam papel e fabricam embalagens de qualidade e sustent\u00e1veis.","robots":{"index":"index","follow":"follow","max-snippet":"max-snippet:-1","max-image-preview":"max-image-preview:large","max-video-preview":"max-video-preview:-1"},"canonical":"http:\/\/rcppapeis.com.br\/?page_id=262","og_locale":"pt_BR","og_type":"article","og_title":"NOSSOS PROCESSOS","og_description":"Conhe\u00e7a os processos produtivos da RCP Pap\u00e9is, uma f\u00e1brica de caixas de papel\u00e3o, chapas e papel reciclado. Veja como eles reciclam papel e fabricam embalagens de qualidade e sustent\u00e1veis.","og_url":"http:\/\/rcppapeis.com.br\/?page_id=262","og_site_name":"RCP Pap\u00e9is","article_publisher":"https:\/\/www.facebook.com\/rcppapeisembalagens","article_modified_time":"2023-11-29T19:33:59+00:00","og_image":[{"width":1140,"height":560,"url":"https:\/\/rcppapeis.com.br\/wp-content\/uploads\/2023\/10\/Banners-Blog-17.png","type":"image\/png"}],"twitter_card":"summary_large_image","twitter_title":"NOSSOS PROCESSOS","twitter_description":"Conhe\u00e7a os processos produtivos da RCP Pap\u00e9is, uma f\u00e1brica de caixas de papel\u00e3o, chapas e papel reciclado. Veja como eles reciclam papel e fabricam embalagens de qualidade e sustent\u00e1veis.","schema":{"@context":"https:\/\/schema.org","@graph":[{"@type":"WebPage","@id":"http:\/\/rcppapeis.com.br\/?page_id=262","url":"http:\/\/rcppapeis.com.br\/?page_id=262","name":"NOSSOS PROCESSOS | RCP Pap\u00e9is","isPartOf":{"@id":"https:\/\/rcppapeis.com.br\/#website"},"datePublished":"2023-01-12T13:50:06+00:00","dateModified":"2023-11-29T19:33:59+00:00","description":"Conhe\u00e7a os processos produtivos da RCP Pap\u00e9is, uma f\u00e1brica de caixas de papel\u00e3o, chapas e papel reciclado. Veja como eles reciclam papel e fabricam embalagens de qualidade e sustent\u00e1veis.","breadcrumb":{"@id":"http:\/\/rcppapeis.com.br\/?page_id=262#breadcrumb"},"inLanguage":"pt-BR","potentialAction":[{"@type":"ReadAction","target":["http:\/\/rcppapeis.com.br\/?page_id=262"]}]},{"@type":"BreadcrumbList","@id":"http:\/\/rcppapeis.com.br\/?page_id=262#breadcrumb","itemListElement":[{"@type":"ListItem","position":1,"name":"In\u00edcio","item":"https:\/\/rcppapeis.com.br\/"},{"@type":"ListItem","position":2,"name":"NOSSOS PROCESSOS"}]},{"@type":"WebSite","@id":"https:\/\/rcppapeis.com.br\/#website","url":"https:\/\/rcppapeis.com.br\/","name":"RCP Pap\u00e9is","description":"","publisher":{"@id":"https:\/\/rcppapeis.com.br\/#organization"},"potentialAction":[{"@type":"SearchAction","target":{"@type":"EntryPoint","urlTemplate":"https:\/\/rcppapeis.com.br\/?s={search_term_string}"},"query-input":{"@type":"PropertyValueSpecification","valueRequired":true,"valueName":"search_term_string"}}],"inLanguage":"pt-BR"},{"@type":"Organization","@id":"https:\/\/rcppapeis.com.br\/#organization","name":"RCP Pap\u00e9is","url":"https:\/\/rcppapeis.com.br\/","logo":{"@type":"ImageObject","inLanguage":"pt-BR","@id":"https:\/\/rcppapeis.com.br\/#\/schema\/logo\/image\/","url":"http:\/\/rcppapeis.com.br\/wp-content\/uploads\/2022\/12\/Logo-Colorido.png","contentUrl":"http:\/\/rcppapeis.com.br\/wp-content\/uploads\/2022\/12\/Logo-Colorido.png","width":152,"height":114,"caption":"RCP Pap\u00e9is"},"image":{"@id":"https:\/\/rcppapeis.com.br\/#\/schema\/logo\/image\/"},"sameAs":["https:\/\/www.facebook.com\/rcppapeisembalagens","https:\/\/www.instagram.com\/rcp.papeis\/","https:\/\/www.linkedin.com\/company\/rcp-papeis\/"]}]}},"_links":{"self":[{"href":"https:\/\/rcppapeis.com.br\/index.php?rest_route=\/wp\/v2\/pages\/262","targetHints":{"allow":["GET"]}}],"collection":[{"href":"https:\/\/rcppapeis.com.br\/index.php?rest_route=\/wp\/v2\/pages"}],"about":[{"href":"https:\/\/rcppapeis.com.br\/index.php?rest_route=\/wp\/v2\/types\/page"}],"author":[{"embeddable":true,"href":"https:\/\/rcppapeis.com.br\/index.php?rest_route=\/wp\/v2\/users\/4"}],"replies":[{"embeddable":true,"href":"https:\/\/rcppapeis.com.br\/index.php?rest_route=%2Fwp%2Fv2%2Fcomments&post=262"}],"version-history":[{"count":1,"href":"https:\/\/rcppapeis.com.br\/index.php?rest_route=\/wp\/v2\/pages\/262\/revisions"}],"predecessor-version":[{"id":617,"href":"https:\/\/rcppapeis.com.br\/index.php?rest_route=\/wp\/v2\/pages\/262\/revisions\/617"}],"wp:attachment":[{"href":"https:\/\/rcppapeis.com.br\/index.php?rest_route=%2Fwp%2Fv2%2Fmedia&parent=262"}],"curies":[{"name":"wp","href":"https:\/\/api.w.org\/{rel}","templated":true}]}}