{"id":103,"date":"2022-12-19T21:56:23","date_gmt":"2022-12-20T00:56:23","guid":{"rendered":"http:\/\/localhost:8088\/?page_id=103"},"modified":"2023-01-24T14:44:06","modified_gmt":"2023-01-24T17:44:06","slug":"bobinas-de-papelao","status":"publish","type":"page","link":"https:\/\/rcppapeis.com.br\/?page_id=103","title":{"rendered":"BOBINAS  DE PAPEL\u00c3O"},"content":{"rendered":"","protected":false},"excerpt":{"rendered":"","protected":false},"author":4,"featured_media":107,"parent":0,"menu_order":0,"comment_status":"closed","ping_status":"closed","template":"template-page\/page-servico.php","meta":{"_acf_changed":false,"footnotes":""},"class_list":["post-103","page","type-page","status-publish","has-post-thumbnail","hentry"],"acf":[],"yoast_head":"<!-- This site is optimized with the Yoast SEO plugin v27.4 - https:\/\/yoast.com\/product\/yoast-seo-wordpress\/ -->\n<title>BOBINAS DE PAPEL\u00c3O | RCP Pap\u00e9is<\/title>\n<meta name=\"description\" content=\"Nosso maquin\u00e1rio e estrutura robusta de f\u00e1brica possibilitam a produ\u00e7\u00e3o de bobinas de papel\u00e3o para cartonagem\" \/>\n<meta name=\"robots\" content=\"index, follow, max-snippet:-1, max-image-preview:large, max-video-preview:-1\" \/>\n<link rel=\"canonical\" href=\"https:\/\/rcppapeis.com.br\/?page_id=103\" \/>\n<meta property=\"og:locale\" content=\"pt_BR\" \/>\n<meta property=\"og:type\" content=\"article\" \/>\n<meta property=\"og:title\" content=\"BOBINAS DE PAPEL\u00c3O | RCP Pap\u00e9is\" \/>\n<meta property=\"og:description\" content=\"Nosso maquin\u00e1rio e estrutura robusta de f\u00e1brica possibilitam a produ\u00e7\u00e3o de bobinas de papel\u00e3o para cartonagem\" \/>\n<meta property=\"og:url\" content=\"https:\/\/rcppapeis.com.br\/?page_id=103\" \/>\n<meta property=\"og:site_name\" content=\"RCP Pap\u00e9is\" \/>\n<meta property=\"article:publisher\" content=\"https:\/\/www.facebook.com\/rcppapeisembalagens\" \/>\n<meta property=\"article:modified_time\" content=\"2023-01-24T17:44:06+00:00\" \/>\n<meta property=\"og:image\" content=\"https:\/\/rcppapeis.com.br\/wp-content\/uploads\/2022\/12\/IMG_20221021_171505-1.png\" \/>\n\t<meta property=\"og:image:width\" content=\"960\" \/>\n\t<meta property=\"og:image:height\" content=\"700\" \/>\n\t<meta property=\"og:image:type\" content=\"image\/png\" \/>\n<meta name=\"twitter:card\" content=\"summary_large_image\" \/>\n<script type=\"application\/ld+json\" class=\"yoast-schema-graph\">{\"@context\":\"https:\\\/\\\/schema.org\",\"@graph\":[{\"@type\":\"WebPage\",\"@id\":\"https:\\\/\\\/rcppapeis.com.br\\\/?page_id=103\",\"url\":\"https:\\\/\\\/rcppapeis.com.br\\\/?page_id=103\",\"name\":\"BOBINAS DE PAPEL\u00c3O | RCP Pap\u00e9is\",\"isPartOf\":{\"@id\":\"https:\\\/\\\/rcppapeis.com.br\\\/#website\"},\"primaryImageOfPage\":{\"@id\":\"https:\\\/\\\/rcppapeis.com.br\\\/?page_id=103#primaryimage\"},\"image\":{\"@id\":\"https:\\\/\\\/rcppapeis.com.br\\\/?page_id=103#primaryimage\"},\"thumbnailUrl\":\"https:\\\/\\\/rcppapeis.com.br\\\/wp-content\\\/uploads\\\/2022\\\/12\\\/IMG_20221021_171505-1.png\",\"datePublished\":\"2022-12-20T00:56:23+00:00\",\"dateModified\":\"2023-01-24T17:44:06+00:00\",\"description\":\"Nosso maquin\u00e1rio e estrutura robusta de f\u00e1brica possibilitam a produ\u00e7\u00e3o de bobinas de papel\u00e3o para cartonagem\",\"breadcrumb\":{\"@id\":\"https:\\\/\\\/rcppapeis.com.br\\\/?page_id=103#breadcrumb\"},\"inLanguage\":\"pt-BR\",\"potentialAction\":[{\"@type\":\"ReadAction\",\"target\":[\"https:\\\/\\\/rcppapeis.com.br\\\/?page_id=103\"]}]},{\"@type\":\"ImageObject\",\"inLanguage\":\"pt-BR\",\"@id\":\"https:\\\/\\\/rcppapeis.com.br\\\/?page_id=103#primaryimage\",\"url\":\"https:\\\/\\\/rcppapeis.com.br\\\/wp-content\\\/uploads\\\/2022\\\/12\\\/IMG_20221021_171505-1.png\",\"contentUrl\":\"https:\\\/\\\/rcppapeis.com.br\\\/wp-content\\\/uploads\\\/2022\\\/12\\\/IMG_20221021_171505-1.png\",\"width\":960,\"height\":700,\"caption\":\"Bobinas de Papel\u00e3o\"},{\"@type\":\"BreadcrumbList\",\"@id\":\"https:\\\/\\\/rcppapeis.com.br\\\/?page_id=103#breadcrumb\",\"itemListElement\":[{\"@type\":\"ListItem\",\"position\":1,\"name\":\"In\u00edcio\",\"item\":\"https:\\\/\\\/rcppapeis.com.br\\\/\"},{\"@type\":\"ListItem\",\"position\":2,\"name\":\"BOBINAS DE PAPEL\u00c3O\"}]},{\"@type\":\"WebSite\",\"@id\":\"https:\\\/\\\/rcppapeis.com.br\\\/#website\",\"url\":\"https:\\\/\\\/rcppapeis.com.br\\\/\",\"name\":\"RCP Pap\u00e9is\",\"description\":\"\",\"publisher\":{\"@id\":\"https:\\\/\\\/rcppapeis.com.br\\\/#organization\"},\"potentialAction\":[{\"@type\":\"SearchAction\",\"target\":{\"@type\":\"EntryPoint\",\"urlTemplate\":\"https:\\\/\\\/rcppapeis.com.br\\\/?s={search_term_string}\"},\"query-input\":{\"@type\":\"PropertyValueSpecification\",\"valueRequired\":true,\"valueName\":\"search_term_string\"}}],\"inLanguage\":\"pt-BR\"},{\"@type\":\"Organization\",\"@id\":\"https:\\\/\\\/rcppapeis.com.br\\\/#organization\",\"name\":\"RCP Pap\u00e9is\",\"url\":\"https:\\\/\\\/rcppapeis.com.br\\\/\",\"logo\":{\"@type\":\"ImageObject\",\"inLanguage\":\"pt-BR\",\"@id\":\"https:\\\/\\\/rcppapeis.com.br\\\/#\\\/schema\\\/logo\\\/image\\\/\",\"url\":\"http:\\\/\\\/rcppapeis.com.br\\\/wp-content\\\/uploads\\\/2022\\\/12\\\/Logo-Colorido.png\",\"contentUrl\":\"http:\\\/\\\/rcppapeis.com.br\\\/wp-content\\\/uploads\\\/2022\\\/12\\\/Logo-Colorido.png\",\"width\":152,\"height\":114,\"caption\":\"RCP Pap\u00e9is\"},\"image\":{\"@id\":\"https:\\\/\\\/rcppapeis.com.br\\\/#\\\/schema\\\/logo\\\/image\\\/\"},\"sameAs\":[\"https:\\\/\\\/www.facebook.com\\\/rcppapeisembalagens\",\"https:\\\/\\\/www.instagram.com\\\/rcp.papeis\\\/\",\"https:\\\/\\\/www.linkedin.com\\\/company\\\/rcp-papeis\\\/\"]}]}<\/script>\n<!-- \/ Yoast SEO plugin. -->","yoast_head_json":{"title":"BOBINAS DE PAPEL\u00c3O | RCP Pap\u00e9is","description":"Nosso maquin\u00e1rio e estrutura robusta de f\u00e1brica possibilitam a produ\u00e7\u00e3o de bobinas de papel\u00e3o para cartonagem","robots":{"index":"index","follow":"follow","max-snippet":"max-snippet:-1","max-image-preview":"max-image-preview:large","max-video-preview":"max-video-preview:-1"},"canonical":"https:\/\/rcppapeis.com.br\/?page_id=103","og_locale":"pt_BR","og_type":"article","og_title":"BOBINAS DE PAPEL\u00c3O | RCP Pap\u00e9is","og_description":"Nosso maquin\u00e1rio e estrutura robusta de f\u00e1brica possibilitam a produ\u00e7\u00e3o de bobinas de papel\u00e3o para cartonagem","og_url":"https:\/\/rcppapeis.com.br\/?page_id=103","og_site_name":"RCP Pap\u00e9is","article_publisher":"https:\/\/www.facebook.com\/rcppapeisembalagens","article_modified_time":"2023-01-24T17:44:06+00:00","og_image":[{"width":960,"height":700,"url":"https:\/\/rcppapeis.com.br\/wp-content\/uploads\/2022\/12\/IMG_20221021_171505-1.png","type":"image\/png"}],"twitter_card":"summary_large_image","schema":{"@context":"https:\/\/schema.org","@graph":[{"@type":"WebPage","@id":"https:\/\/rcppapeis.com.br\/?page_id=103","url":"https:\/\/rcppapeis.com.br\/?page_id=103","name":"BOBINAS DE PAPEL\u00c3O | RCP Pap\u00e9is","isPartOf":{"@id":"https:\/\/rcppapeis.com.br\/#website"},"primaryImageOfPage":{"@id":"https:\/\/rcppapeis.com.br\/?page_id=103#primaryimage"},"image":{"@id":"https:\/\/rcppapeis.com.br\/?page_id=103#primaryimage"},"thumbnailUrl":"https:\/\/rcppapeis.com.br\/wp-content\/uploads\/2022\/12\/IMG_20221021_171505-1.png","datePublished":"2022-12-20T00:56:23+00:00","dateModified":"2023-01-24T17:44:06+00:00","description":"Nosso maquin\u00e1rio e estrutura robusta de f\u00e1brica possibilitam a produ\u00e7\u00e3o de bobinas de papel\u00e3o para cartonagem","breadcrumb":{"@id":"https:\/\/rcppapeis.com.br\/?page_id=103#breadcrumb"},"inLanguage":"pt-BR","potentialAction":[{"@type":"ReadAction","target":["https:\/\/rcppapeis.com.br\/?page_id=103"]}]},{"@type":"ImageObject","inLanguage":"pt-BR","@id":"https:\/\/rcppapeis.com.br\/?page_id=103#primaryimage","url":"https:\/\/rcppapeis.com.br\/wp-content\/uploads\/2022\/12\/IMG_20221021_171505-1.png","contentUrl":"https:\/\/rcppapeis.com.br\/wp-content\/uploads\/2022\/12\/IMG_20221021_171505-1.png","width":960,"height":700,"caption":"Bobinas de Papel\u00e3o"},{"@type":"BreadcrumbList","@id":"https:\/\/rcppapeis.com.br\/?page_id=103#breadcrumb","itemListElement":[{"@type":"ListItem","position":1,"name":"In\u00edcio","item":"https:\/\/rcppapeis.com.br\/"},{"@type":"ListItem","position":2,"name":"BOBINAS DE PAPEL\u00c3O"}]},{"@type":"WebSite","@id":"https:\/\/rcppapeis.com.br\/#website","url":"https:\/\/rcppapeis.com.br\/","name":"RCP Pap\u00e9is","description":"","publisher":{"@id":"https:\/\/rcppapeis.com.br\/#organization"},"potentialAction":[{"@type":"SearchAction","target":{"@type":"EntryPoint","urlTemplate":"https:\/\/rcppapeis.com.br\/?s={search_term_string}"},"query-input":{"@type":"PropertyValueSpecification","valueRequired":true,"valueName":"search_term_string"}}],"inLanguage":"pt-BR"},{"@type":"Organization","@id":"https:\/\/rcppapeis.com.br\/#organization","name":"RCP Pap\u00e9is","url":"https:\/\/rcppapeis.com.br\/","logo":{"@type":"ImageObject","inLanguage":"pt-BR","@id":"https:\/\/rcppapeis.com.br\/#\/schema\/logo\/image\/","url":"http:\/\/rcppapeis.com.br\/wp-content\/uploads\/2022\/12\/Logo-Colorido.png","contentUrl":"http:\/\/rcppapeis.com.br\/wp-content\/uploads\/2022\/12\/Logo-Colorido.png","width":152,"height":114,"caption":"RCP Pap\u00e9is"},"image":{"@id":"https:\/\/rcppapeis.com.br\/#\/schema\/logo\/image\/"},"sameAs":["https:\/\/www.facebook.com\/rcppapeisembalagens","https:\/\/www.instagram.com\/rcp.papeis\/","https:\/\/www.linkedin.com\/company\/rcp-papeis\/"]}]}},"_links":{"self":[{"href":"https:\/\/rcppapeis.com.br\/index.php?rest_route=\/wp\/v2\/pages\/103","targetHints":{"allow":["GET"]}}],"collection":[{"href":"https:\/\/rcppapeis.com.br\/index.php?rest_route=\/wp\/v2\/pages"}],"about":[{"href":"https:\/\/rcppapeis.com.br\/index.php?rest_route=\/wp\/v2\/types\/page"}],"author":[{"embeddable":true,"href":"https:\/\/rcppapeis.com.br\/index.php?rest_route=\/wp\/v2\/users\/4"}],"replies":[{"embeddable":true,"href":"https:\/\/rcppapeis.com.br\/index.php?rest_route=%2Fwp%2Fv2%2Fcomments&post=103"}],"version-history":[{"count":0,"href":"https:\/\/rcppapeis.com.br\/index.php?rest_route=\/wp\/v2\/pages\/103\/revisions"}],"wp:featuredmedia":[{"embeddable":true,"href":"https:\/\/rcppapeis.com.br\/index.php?rest_route=\/wp\/v2\/media\/107"}],"wp:attachment":[{"href":"https:\/\/rcppapeis.com.br\/index.php?rest_route=%2Fwp%2Fv2%2Fmedia&parent=103"}],"curies":[{"name":"wp","href":"https:\/\/api.w.org\/{rel}","templated":true}]}}